{"id":863,"date":"2025-08-20T09:09:05","date_gmt":"2025-08-20T07:09:05","guid":{"rendered":"https:\/\/www.glofruser.com\/politique-de-confidentialite\/"},"modified":"2025-09-05T10:46:06","modified_gmt":"2025-09-05T08:46:06","slug":"politique-de-confidentialite","status":"publish","type":"page","link":"https:\/\/www.glofruser.com\/fr\/politique-de-confidentialite\/","title":{"rendered":"Politique de confidentialit\u00e9"},"content":{"rendered":"<p>[et_pb_section fb_built=\u00a0\u00bb1&Prime; admin_label=\u00a0\u00bbCall to Action\u00a0\u00bb module_id=\u00a0\u00bbservicio\u00a0\u00bb _builder_version=\u00a0\u00bb4.27.4&Prime; _module_preset=\u00a0\u00bbdefault\u00a0\u00bb background_enable_pattern_style=\u00a0\u00bbon\u00a0\u00bb background_pattern_style=\u00a0\u00bbtufted\u00a0\u00bb background_pattern_color=\u00a0\u00bbrgba(58,99,81,0.1)\u00a0\u00bb locked=\u00a0\u00bboff\u00a0\u00bb collapsed=\u00a0\u00bbon\u00a0\u00bb global_colors_info=\u00a0\u00bb{}\u00a0\u00bb][et_pb_row make_equal=\u00a0\u00bbon\u00a0\u00bb _builder_version=\u00a0\u00bb4.27.4&Prime; _module_preset=\u00a0\u00bbdefault\u00a0\u00bb max_width=\u00a0\u00bb1800px\u00a0\u00bb global_colors_info=\u00a0\u00bb{}\u00a0\u00bb][et_pb_column type=\u00a0\u00bb4_4&Prime; _builder_version=\u00a0\u00bb4.27.4&Prime; _module_preset=\u00a0\u00bbdefault\u00a0\u00bb custom_padding=\u00a0\u00bb||||false|false\u00a0\u00bb custom_padding_tablet=\u00a0\u00bb||0px||false|false\u00a0\u00bb custom_padding_phone=\u00a0\u00bb||0px||false|false\u00a0\u00bb custom_padding_last_edited=\u00a0\u00bbon|tablet\u00a0\u00bb global_colors_info=\u00a0\u00bb{}\u00a0\u00bb][et_pb_text _builder_version=\u00a0\u00bb4.27.4&Prime; _module_preset=\u00a0\u00bb_initial\u00a0\u00bb header_font=\u00a0\u00bbPoppins|700|||||||\u00a0\u00bb header_font_size=\u00a0\u00bb62px\u00a0\u00bb header_line_height=\u00a0\u00bb1.1em\u00a0\u00bb max_width=\u00a0\u00bb1440px\u00a0\u00bb custom_margin=\u00a0\u00bb93px||10px||false|false\u00a0\u00bb header_font_size_tablet=\u00a0\u00bb40px\u00a0\u00bb header_font_size_phone=\u00a0\u00bb32px\u00a0\u00bb header_font_size_last_edited=\u00a0\u00bbon|desktop\u00a0\u00bb global_colors_info=\u00a0\u00bb{}\u00a0\u00bb]<\/p>\n<h1><strong>Politique de confidentialit\u00e9<\/strong><\/h1>\n<p>&nbsp;<\/p>\n<p>[\/et_pb_text][et_pb_text _builder_version=\u00a0\u00bb4.27.4&Prime; _module_preset=\u00a0\u00bb_initial\u00a0\u00bb text_font=\u00a0\u00bbPoppins||||||||\u00a0\u00bb text_font_size=\u00a0\u00bb16px\u00a0\u00bb text_line_height=\u00a0\u00bb1.8em\u00a0\u00bb link_font=\u00a0\u00bb||||on|||#ba9e39|\u00a0\u00bb link_text_color=\u00a0\u00bb#ba9e39&Prime; hover_enabled=\u00a0\u00bb0&Prime; text_font_size_tablet=\u00a0\u00bb15px\u00a0\u00bb text_font_size_phone=\u00a0\u00bb14px\u00a0\u00bb text_font_size_last_edited=\u00a0\u00bbon|desktop\u00a0\u00bb global_colors_info=\u00a0\u00bb{}\u00a0\u00bb sticky_enabled=\u00a0\u00bb0&Prime;]<\/p>\n<p>Chez <strong>GLOFRUSER, S.L.<\/strong>, nous traitons les informations fournies par les utilisateurs pour r\u00e9pondre \u00e0 leurs questions, fournir les services demand\u00e9s et maintenir une communication professionnelle.<\/p>\n<p><strong>Responsable du traitement :<\/strong><br \/>GLOFRUSER, S.L.<br \/>Num\u00e9ro d\u2019identification fiscale : B22828958<br \/>Courriel : <a href=\"mailto:info@glofruser.com\">info@glofruser.com<\/a><\/p>\n<p><strong>Finalit\u00e9 du traitement :<\/strong><\/p>\n<ul>\n<li>G\u00e9rer les demandes d&rsquo;informations et de contact.<\/li>\n<li>Fournir les services contractuels.<\/li>\n<li>Envoyer des communications informatives ou commerciales li\u00e9es \u00e0 l&rsquo;activit\u00e9 de GLOFRUSER (\u00e0 condition que l&rsquo;utilisateur l&rsquo;autorise).<\/li>\n<\/ul>\n<p><strong>L\u00e9gitimation :<\/strong> consentement de l&rsquo;int\u00e9ress\u00e9.<\/p>\n<p><strong>Destinataires :<\/strong> Les donn\u00e9es ne seront pas c\u00e9d\u00e9es \u00e0 des tiers, sauf obligation l\u00e9gale ou si n\u00e9cessaire pour collaborer avec des fournisseurs pour fournir le service.<\/p>\n<p><strong>Transferts internationaux :<\/strong> \u00c9tant donn\u00e9 que nous travaillons avec des clients et des fournisseurs du monde entier, des mesures appropri\u00e9es seront prises pour garantir la s\u00e9curit\u00e9 des donn\u00e9es conform\u00e9ment au RGPD, si n\u00e9cessaire.<\/p>\n<p><strong>Droits :<\/strong> acc\u00e8s, rectification, suppression, opposition, portabilit\u00e9 et limitation du traitement, en contactant <a href=\"mailto:info@glofruser.com\">info@glofruser.com<\/a>.<\/p>\n<p><strong>Conservation des donn\u00e9es :<\/strong> Les donn\u00e9es seront conserv\u00e9es pendant toute la dur\u00e9e de la relation contractuelle et pendant les p\u00e9riodes requises par la loi applicable.<\/p>\n<p>[\/et_pb_text][\/et_pb_column][\/et_pb_row][\/et_pb_section]<\/p>\n","protected":false},"excerpt":{"rendered":"<p>Politique de confidentialit\u00e9 &nbsp;Chez GLOFRUSER, S.L., nous traitons les informations fournies par les utilisateurs pour r\u00e9pondre \u00e0 leurs questions, fournir les services demand\u00e9s et maintenir une communication professionnelle. Responsable du traitement :GLOFRUSER, S.L.Num\u00e9ro d\u2019identification fiscale : B22828958Courriel : info@glofruser.com Finalit\u00e9 du traitement : G\u00e9rer les demandes d&rsquo;informations et de contact. Fournir les services contractuels. Envoyer des communications informatives ou commerciales li\u00e9es \u00e0 l&rsquo;activit\u00e9 de GLOFRUSER (\u00e0 condition que l&rsquo;utilisateur l&rsquo;autorise). L\u00e9gitimation : consentement de l&rsquo;int\u00e9ress\u00e9. Destinataires : Les donn\u00e9es ne seront pas c\u00e9d\u00e9es \u00e0 des tiers, sauf obligation l\u00e9gale ou si n\u00e9cessaire pour collaborer avec des fournisseurs pour fournir le service. Transferts internationaux : \u00c9tant donn\u00e9 que nous travaillons avec des clients et des fournisseurs du monde entier, des mesures appropri\u00e9es seront prises pour garantir la s\u00e9curit\u00e9 des donn\u00e9es conform\u00e9ment au RGPD, si n\u00e9cessaire. Droits : acc\u00e8s, rectification, suppression, opposition, portabilit\u00e9 et limitation du traitement, en contactant info@glofruser.com. Conservation des donn\u00e9es : Les donn\u00e9es seront conserv\u00e9es pendant toute la dur\u00e9e de la relation contractuelle et pendant les p\u00e9riodes requises par la loi applicable.<\/p>\n","protected":false},"author":1,"featured_media":0,"parent":0,"menu_order":0,"comment_status":"closed","ping_status":"closed","template":"","meta":{"_et_pb_use_builder":"on","_et_pb_old_content":"","_et_gb_content_width":"","footnotes":""},"class_list":["post-863","page","type-page","status-publish","hentry"],"yoast_head":"<!-- This site is optimized with the Yoast SEO plugin v27.3 - https:\/\/yoast.com\/product\/yoast-seo-wordpress\/ -->\n<title>Politique de confidentialit\u00e9 - GLOFRUSER<\/title>\n<meta name=\"robots\" content=\"noindex, nofollow\" \/>\n<meta property=\"og:locale\" content=\"fr_FR\" \/>\n<meta property=\"og:type\" content=\"article\" \/>\n<meta property=\"og:title\" content=\"Politique de confidentialit\u00e9 - GLOFRUSER\" \/>\n<meta property=\"og:description\" content=\"Politique de confidentialit\u00e9 &nbsp;Chez GLOFRUSER, S.L., nous traitons les informations fournies par les utilisateurs pour r\u00e9pondre \u00e0 leurs questions, fournir les services demand\u00e9s et maintenir une communication professionnelle. Responsable du traitement :GLOFRUSER, S.L.Num\u00e9ro d\u2019identification fiscale : B22828958Courriel : info@glofruser.com Finalit\u00e9 du traitement : G\u00e9rer les demandes d&#039;informations et de contact. Fournir les services contractuels. Envoyer des communications informatives ou commerciales li\u00e9es \u00e0 l&#039;activit\u00e9 de GLOFRUSER (\u00e0 condition que l&#039;utilisateur l&#039;autorise). L\u00e9gitimation : consentement de l&#039;int\u00e9ress\u00e9. Destinataires : Les donn\u00e9es ne seront pas c\u00e9d\u00e9es \u00e0 des tiers, sauf obligation l\u00e9gale ou si n\u00e9cessaire pour collaborer avec des fournisseurs pour fournir le service. Transferts internationaux : \u00c9tant donn\u00e9 que nous travaillons avec des clients et des fournisseurs du monde entier, des mesures appropri\u00e9es seront prises pour garantir la s\u00e9curit\u00e9 des donn\u00e9es conform\u00e9ment au RGPD, si n\u00e9cessaire. Droits : acc\u00e8s, rectification, suppression, opposition, portabilit\u00e9 et limitation du traitement, en contactant info@glofruser.com. Conservation des donn\u00e9es : Les donn\u00e9es seront conserv\u00e9es pendant toute la dur\u00e9e de la relation contractuelle et pendant les p\u00e9riodes requises par la loi applicable.\" \/>\n<meta property=\"og:url\" content=\"https:\/\/www.glofruser.com\/fr\/politique-de-confidentialite\/\" \/>\n<meta property=\"og:site_name\" content=\"GLOFRUSER\" \/>\n<meta property=\"article:modified_time\" content=\"2025-09-05T08:46:06+00:00\" \/>\n<meta property=\"og:image\" content=\"https:\/\/www.glofruser.com\/wp-content\/uploads\/2025\/08\/portada-quienes-somos-scaled.jpg\" \/>\n\t<meta property=\"og:image:width\" content=\"2560\" \/>\n\t<meta property=\"og:image:height\" content=\"1708\" \/>\n\t<meta property=\"og:image:type\" content=\"image\/jpeg\" \/>\n<meta name=\"twitter:card\" content=\"summary_large_image\" \/>\n<meta name=\"twitter:label1\" content=\"Dur\u00e9e de lecture estim\u00e9e\" \/>\n\t<meta name=\"twitter:data1\" content=\"2 minutes\" \/>\n<script type=\"application\/ld+json\" class=\"yoast-schema-graph\">{\"@context\":\"https:\\\/\\\/schema.org\",\"@graph\":[{\"@type\":\"WebPage\",\"@id\":\"https:\\\/\\\/www.glofruser.com\\\/fr\\\/politique-de-confidentialite\\\/\",\"url\":\"https:\\\/\\\/www.glofruser.com\\\/fr\\\/politique-de-confidentialite\\\/\",\"name\":\"Politique de confidentialit\u00e9 - GLOFRUSER\",\"isPartOf\":{\"@id\":\"https:\\\/\\\/www.glofruser.com\\\/fr\\\/#website\"},\"datePublished\":\"2025-08-20T07:09:05+00:00\",\"dateModified\":\"2025-09-05T08:46:06+00:00\",\"breadcrumb\":{\"@id\":\"https:\\\/\\\/www.glofruser.com\\\/fr\\\/politique-de-confidentialite\\\/#breadcrumb\"},\"inLanguage\":\"fr-FR\",\"potentialAction\":[{\"@type\":\"ReadAction\",\"target\":[\"https:\\\/\\\/www.glofruser.com\\\/fr\\\/politique-de-confidentialite\\\/\"]}]},{\"@type\":\"BreadcrumbList\",\"@id\":\"https:\\\/\\\/www.glofruser.com\\\/fr\\\/politique-de-confidentialite\\\/#breadcrumb\",\"itemListElement\":[{\"@type\":\"ListItem\",\"position\":1,\"name\":\"Portada\",\"item\":\"https:\\\/\\\/www.glofruser.com\\\/fr\\\/\"},{\"@type\":\"ListItem\",\"position\":2,\"name\":\"Politique de confidentialit\u00e9\"}]},{\"@type\":\"WebSite\",\"@id\":\"https:\\\/\\\/www.glofruser.com\\\/fr\\\/#website\",\"url\":\"https:\\\/\\\/www.glofruser.com\\\/fr\\\/\",\"name\":\"GLOFRUSER\",\"description\":\"Soluciones log&iacute;sticas y operativas para el sector agroalimentario\",\"publisher\":{\"@id\":\"https:\\\/\\\/www.glofruser.com\\\/fr\\\/#organization\"},\"potentialAction\":[{\"@type\":\"SearchAction\",\"target\":{\"@type\":\"EntryPoint\",\"urlTemplate\":\"https:\\\/\\\/www.glofruser.com\\\/fr\\\/?s={search_term_string}\"},\"query-input\":{\"@type\":\"PropertyValueSpecification\",\"valueRequired\":true,\"valueName\":\"search_term_string\"}}],\"inLanguage\":\"fr-FR\"},{\"@type\":\"Organization\",\"@id\":\"https:\\\/\\\/www.glofruser.com\\\/fr\\\/#organization\",\"name\":\"GLOFRUSER\",\"url\":\"https:\\\/\\\/www.glofruser.com\\\/fr\\\/\",\"logo\":{\"@type\":\"ImageObject\",\"inLanguage\":\"fr-FR\",\"@id\":\"https:\\\/\\\/www.glofruser.com\\\/fr\\\/#\\\/schema\\\/logo\\\/image\\\/\",\"url\":\"https:\\\/\\\/www.glofruser.com\\\/wp-content\\\/uploads\\\/2025\\\/08\\\/logo-glofruser-horizontal.png\",\"contentUrl\":\"https:\\\/\\\/www.glofruser.com\\\/wp-content\\\/uploads\\\/2025\\\/08\\\/logo-glofruser-horizontal.png\",\"width\":351,\"height\":90,\"caption\":\"GLOFRUSER\"},\"image\":{\"@id\":\"https:\\\/\\\/www.glofruser.com\\\/fr\\\/#\\\/schema\\\/logo\\\/image\\\/\"}}]}<\/script>\n<!-- \/ Yoast SEO plugin. -->","yoast_head_json":{"title":"Politique de confidentialit\u00e9 - GLOFRUSER","robots":{"index":"noindex","follow":"nofollow"},"og_locale":"fr_FR","og_type":"article","og_title":"Politique de confidentialit\u00e9 - GLOFRUSER","og_description":"Politique de confidentialit\u00e9 &nbsp;Chez GLOFRUSER, S.L., nous traitons les informations fournies par les utilisateurs pour r\u00e9pondre \u00e0 leurs questions, fournir les services demand\u00e9s et maintenir une communication professionnelle. Responsable du traitement :GLOFRUSER, S.L.Num\u00e9ro d\u2019identification fiscale : B22828958Courriel : info@glofruser.com Finalit\u00e9 du traitement : G\u00e9rer les demandes d'informations et de contact. Fournir les services contractuels. Envoyer des communications informatives ou commerciales li\u00e9es \u00e0 l'activit\u00e9 de GLOFRUSER (\u00e0 condition que l'utilisateur l'autorise). L\u00e9gitimation : consentement de l'int\u00e9ress\u00e9. Destinataires : Les donn\u00e9es ne seront pas c\u00e9d\u00e9es \u00e0 des tiers, sauf obligation l\u00e9gale ou si n\u00e9cessaire pour collaborer avec des fournisseurs pour fournir le service. Transferts internationaux : \u00c9tant donn\u00e9 que nous travaillons avec des clients et des fournisseurs du monde entier, des mesures appropri\u00e9es seront prises pour garantir la s\u00e9curit\u00e9 des donn\u00e9es conform\u00e9ment au RGPD, si n\u00e9cessaire. Droits : acc\u00e8s, rectification, suppression, opposition, portabilit\u00e9 et limitation du traitement, en contactant info@glofruser.com. Conservation des donn\u00e9es : Les donn\u00e9es seront conserv\u00e9es pendant toute la dur\u00e9e de la relation contractuelle et pendant les p\u00e9riodes requises par la loi applicable.","og_url":"https:\/\/www.glofruser.com\/fr\/politique-de-confidentialite\/","og_site_name":"GLOFRUSER","article_modified_time":"2025-09-05T08:46:06+00:00","og_image":[{"width":2560,"height":1708,"url":"https:\/\/www.glofruser.com\/wp-content\/uploads\/2025\/08\/portada-quienes-somos-scaled.jpg","type":"image\/jpeg"}],"twitter_card":"summary_large_image","twitter_misc":{"Dur\u00e9e de lecture estim\u00e9e":"2 minutes"},"schema":{"@context":"https:\/\/schema.org","@graph":[{"@type":"WebPage","@id":"https:\/\/www.glofruser.com\/fr\/politique-de-confidentialite\/","url":"https:\/\/www.glofruser.com\/fr\/politique-de-confidentialite\/","name":"Politique de confidentialit\u00e9 - GLOFRUSER","isPartOf":{"@id":"https:\/\/www.glofruser.com\/fr\/#website"},"datePublished":"2025-08-20T07:09:05+00:00","dateModified":"2025-09-05T08:46:06+00:00","breadcrumb":{"@id":"https:\/\/www.glofruser.com\/fr\/politique-de-confidentialite\/#breadcrumb"},"inLanguage":"fr-FR","potentialAction":[{"@type":"ReadAction","target":["https:\/\/www.glofruser.com\/fr\/politique-de-confidentialite\/"]}]},{"@type":"BreadcrumbList","@id":"https:\/\/www.glofruser.com\/fr\/politique-de-confidentialite\/#breadcrumb","itemListElement":[{"@type":"ListItem","position":1,"name":"Portada","item":"https:\/\/www.glofruser.com\/fr\/"},{"@type":"ListItem","position":2,"name":"Politique de confidentialit\u00e9"}]},{"@type":"WebSite","@id":"https:\/\/www.glofruser.com\/fr\/#website","url":"https:\/\/www.glofruser.com\/fr\/","name":"GLOFRUSER","description":"Soluciones log&iacute;sticas y operativas para el sector agroalimentario","publisher":{"@id":"https:\/\/www.glofruser.com\/fr\/#organization"},"potentialAction":[{"@type":"SearchAction","target":{"@type":"EntryPoint","urlTemplate":"https:\/\/www.glofruser.com\/fr\/?s={search_term_string}"},"query-input":{"@type":"PropertyValueSpecification","valueRequired":true,"valueName":"search_term_string"}}],"inLanguage":"fr-FR"},{"@type":"Organization","@id":"https:\/\/www.glofruser.com\/fr\/#organization","name":"GLOFRUSER","url":"https:\/\/www.glofruser.com\/fr\/","logo":{"@type":"ImageObject","inLanguage":"fr-FR","@id":"https:\/\/www.glofruser.com\/fr\/#\/schema\/logo\/image\/","url":"https:\/\/www.glofruser.com\/wp-content\/uploads\/2025\/08\/logo-glofruser-horizontal.png","contentUrl":"https:\/\/www.glofruser.com\/wp-content\/uploads\/2025\/08\/logo-glofruser-horizontal.png","width":351,"height":90,"caption":"GLOFRUSER"},"image":{"@id":"https:\/\/www.glofruser.com\/fr\/#\/schema\/logo\/image\/"}}]}},"_links":{"self":[{"href":"https:\/\/www.glofruser.com\/fr\/wp-json\/wp\/v2\/pages\/863","targetHints":{"allow":["GET"]}}],"collection":[{"href":"https:\/\/www.glofruser.com\/fr\/wp-json\/wp\/v2\/pages"}],"about":[{"href":"https:\/\/www.glofruser.com\/fr\/wp-json\/wp\/v2\/types\/page"}],"author":[{"embeddable":true,"href":"https:\/\/www.glofruser.com\/fr\/wp-json\/wp\/v2\/users\/1"}],"replies":[{"embeddable":true,"href":"https:\/\/www.glofruser.com\/fr\/wp-json\/wp\/v2\/comments?post=863"}],"version-history":[{"count":4,"href":"https:\/\/www.glofruser.com\/fr\/wp-json\/wp\/v2\/pages\/863\/revisions"}],"predecessor-version":[{"id":867,"href":"https:\/\/www.glofruser.com\/fr\/wp-json\/wp\/v2\/pages\/863\/revisions\/867"}],"wp:attachment":[{"href":"https:\/\/www.glofruser.com\/fr\/wp-json\/wp\/v2\/media?parent=863"}],"curies":[{"name":"wp","href":"https:\/\/api.w.org\/{rel}","templated":true}]}}