{"id":860,"date":"2025-08-20T09:09:29","date_gmt":"2025-08-20T07:09:29","guid":{"rendered":"https:\/\/www.glofruser.com\/politique-relative-aux-cookies\/"},"modified":"2025-09-05T10:43:12","modified_gmt":"2025-09-05T08:43:12","slug":"politique-relative-aux-cookies","status":"publish","type":"page","link":"https:\/\/www.glofruser.com\/fr\/politique-relative-aux-cookies\/","title":{"rendered":"Politique relative aux cookies"},"content":{"rendered":"<p>[et_pb_section fb_built=\u00a0\u00bb1&Prime; admin_label=\u00a0\u00bbCall to Action\u00a0\u00bb module_id=\u00a0\u00bbservicio\u00a0\u00bb _builder_version=\u00a0\u00bb4.27.4&Prime; _module_preset=\u00a0\u00bbdefault\u00a0\u00bb background_enable_pattern_style=\u00a0\u00bbon\u00a0\u00bb background_pattern_style=\u00a0\u00bbtufted\u00a0\u00bb background_pattern_color=\u00a0\u00bbrgba(58,99,81,0.1)\u00a0\u00bb locked=\u00a0\u00bboff\u00a0\u00bb collapsed=\u00a0\u00bbon\u00a0\u00bb global_colors_info=\u00a0\u00bb{}\u00a0\u00bb][et_pb_row make_equal=\u00a0\u00bbon\u00a0\u00bb _builder_version=\u00a0\u00bb4.27.4&Prime; _module_preset=\u00a0\u00bbdefault\u00a0\u00bb max_width=\u00a0\u00bb1800px\u00a0\u00bb global_colors_info=\u00a0\u00bb{}\u00a0\u00bb][et_pb_column type=\u00a0\u00bb4_4&Prime; _builder_version=\u00a0\u00bb4.27.4&Prime; _module_preset=\u00a0\u00bbdefault\u00a0\u00bb custom_padding=\u00a0\u00bb||||false|false\u00a0\u00bb custom_padding_tablet=\u00a0\u00bb||0px||false|false\u00a0\u00bb custom_padding_phone=\u00a0\u00bb||0px||false|false\u00a0\u00bb custom_padding_last_edited=\u00a0\u00bbon|tablet\u00a0\u00bb global_colors_info=\u00a0\u00bb{}\u00a0\u00bb][et_pb_text _builder_version=\u00a0\u00bb4.27.4&Prime; _module_preset=\u00a0\u00bb_initial\u00a0\u00bb header_font=\u00a0\u00bbPoppins|700|||||||\u00a0\u00bb header_font_size=\u00a0\u00bb62px\u00a0\u00bb header_line_height=\u00a0\u00bb1.1em\u00a0\u00bb max_width=\u00a0\u00bb1440px\u00a0\u00bb custom_margin=\u00a0\u00bb93px||10px||false|false\u00a0\u00bb hover_enabled=\u00a0\u00bb0&Prime; header_font_size_tablet=\u00a0\u00bb40px\u00a0\u00bb header_font_size_phone=\u00a0\u00bb32px\u00a0\u00bb header_font_size_last_edited=\u00a0\u00bbon|desktop\u00a0\u00bb global_colors_info=\u00a0\u00bb{}\u00a0\u00bb sticky_enabled=\u00a0\u00bb0&Prime;]<\/p>\n<h1><strong>Politique relative aux cookies<\/strong><\/h1>\n<p>&nbsp;<\/p>\n<p>[\/et_pb_text][et_pb_text _builder_version=\u00a0\u00bb4.27.4&Prime; _module_preset=\u00a0\u00bb_initial\u00a0\u00bb text_font=\u00a0\u00bbPoppins||||||||\u00a0\u00bb text_font_size=\u00a0\u00bb16px\u00a0\u00bb text_line_height=\u00a0\u00bb1.8em\u00a0\u00bb link_font=\u00a0\u00bb||||on|||#ba9e39|\u00a0\u00bb link_text_color=\u00a0\u00bb#ba9e39&Prime; text_font_size_tablet=\u00a0\u00bb15px\u00a0\u00bb text_font_size_phone=\u00a0\u00bb14px\u00a0\u00bb text_font_size_last_edited=\u00a0\u00bbon|desktop\u00a0\u00bb global_colors_info=\u00a0\u00bb{}\u00a0\u00bb]<\/p>\n<p>Sur le site Web de <strong>GLOFRUSER, S.L.<\/strong>, nous utilisons nos propres cookies et ceux de tiers pour am\u00e9liorer l&rsquo;exp\u00e9rience utilisateur, personnaliser le contenu et analyser le trafic.<\/p>\n<p><strong>Que sont les cookies ?<\/strong><br \/>Ce sont de petits fichiers qui sont install\u00e9s dans le navigateur de l&rsquo;utilisateur lorsqu&rsquo;il visite une page Web.<\/p>\n<p><strong>Types de cookies utilis\u00e9s :<\/strong><\/p>\n<ul>\n<li><span style=\"text-decoration: underline;\">Cookies techniques<\/span> : n\u00e9cessaires au bon fonctionnement du site.<\/li>\n<li><span style=\"text-decoration: underline;\">Cookies de personnalisation<\/span> : nous permettent de m\u00e9moriser les pr\u00e9f\u00e9rences des utilisateurs.<\/li>\n<li><span style=\"text-decoration: underline;\">Cookies d&rsquo;analyse<\/span> : utilis\u00e9s pour mesurer l&rsquo;activit\u00e9 du site Web (par exemple, Google Analytics).<\/li>\n<\/ul>\n<p><strong>Gestion des cookies :<\/strong><br \/>L\u2019utilisateur peut configurer son navigateur \u00e0 tout moment pour bloquer ou supprimer les cookies. Le blocage peut affecter certaines fonctionnalit\u00e9s du site Web.<\/p>\n<p><strong>Consentement :<\/strong><br \/>En poursuivant votre navigation sur notre site web, vous acceptez l\u2019installation de cookies, comme d\u00e9crit dans la pr\u00e9sente politique.<\/p>\n<p>[\/et_pb_text][\/et_pb_column][\/et_pb_row][\/et_pb_section]<\/p>\n","protected":false},"excerpt":{"rendered":"<p>Politique relative aux cookies &nbsp;Sur le site Web de GLOFRUSER, S.L., nous utilisons nos propres cookies et ceux de tiers pour am\u00e9liorer l&rsquo;exp\u00e9rience utilisateur, personnaliser le contenu et analyser le trafic. Que sont les cookies ?Ce sont de petits fichiers qui sont install\u00e9s dans le navigateur de l&rsquo;utilisateur lorsqu&rsquo;il visite une page Web. Types de cookies utilis\u00e9s : Cookies techniques : n\u00e9cessaires au bon fonctionnement du site. Cookies de personnalisation : nous permettent de m\u00e9moriser les pr\u00e9f\u00e9rences des utilisateurs. Cookies d&rsquo;analyse : utilis\u00e9s pour mesurer l&rsquo;activit\u00e9 du site Web (par exemple, Google Analytics). Gestion des cookies :L\u2019utilisateur peut configurer son navigateur \u00e0 tout moment pour bloquer ou supprimer les cookies. Le blocage peut affecter certaines fonctionnalit\u00e9s du site Web. Consentement :En poursuivant votre navigation sur notre site web, vous acceptez l\u2019installation de cookies, comme d\u00e9crit dans la pr\u00e9sente politique.<\/p>\n","protected":false},"author":1,"featured_media":0,"parent":0,"menu_order":0,"comment_status":"closed","ping_status":"closed","template":"","meta":{"_et_pb_use_builder":"on","_et_pb_old_content":"","_et_gb_content_width":"","footnotes":""},"class_list":["post-860","page","type-page","status-publish","hentry"],"yoast_head":"<!-- This site is optimized with the Yoast SEO plugin v27.3 - https:\/\/yoast.com\/product\/yoast-seo-wordpress\/ -->\n<title>Politique relative aux cookies - GLOFRUSER<\/title>\n<meta name=\"robots\" content=\"noindex, nofollow\" \/>\n<meta property=\"og:locale\" content=\"fr_FR\" \/>\n<meta property=\"og:type\" content=\"article\" \/>\n<meta property=\"og:title\" content=\"Politique relative aux cookies - GLOFRUSER\" \/>\n<meta property=\"og:description\" content=\"Politique relative aux cookies &nbsp;Sur le site Web de GLOFRUSER, S.L., nous utilisons nos propres cookies et ceux de tiers pour am\u00e9liorer l&#039;exp\u00e9rience utilisateur, personnaliser le contenu et analyser le trafic. Que sont les cookies ?Ce sont de petits fichiers qui sont install\u00e9s dans le navigateur de l&#039;utilisateur lorsqu&#039;il visite une page Web. Types de cookies utilis\u00e9s : Cookies techniques : n\u00e9cessaires au bon fonctionnement du site. Cookies de personnalisation : nous permettent de m\u00e9moriser les pr\u00e9f\u00e9rences des utilisateurs. Cookies d&#039;analyse : utilis\u00e9s pour mesurer l&#039;activit\u00e9 du site Web (par exemple, Google Analytics). Gestion des cookies :L\u2019utilisateur peut configurer son navigateur \u00e0 tout moment pour bloquer ou supprimer les cookies. Le blocage peut affecter certaines fonctionnalit\u00e9s du site Web. Consentement :En poursuivant votre navigation sur notre site web, vous acceptez l\u2019installation de cookies, comme d\u00e9crit dans la pr\u00e9sente politique.\" \/>\n<meta property=\"og:url\" content=\"https:\/\/www.glofruser.com\/fr\/politique-relative-aux-cookies\/\" \/>\n<meta property=\"og:site_name\" content=\"GLOFRUSER\" \/>\n<meta property=\"article:modified_time\" content=\"2025-09-05T08:43:12+00:00\" \/>\n<meta property=\"og:image\" content=\"https:\/\/www.glofruser.com\/wp-content\/uploads\/2025\/08\/portada-quienes-somos-scaled.jpg\" \/>\n\t<meta property=\"og:image:width\" content=\"2560\" \/>\n\t<meta property=\"og:image:height\" content=\"1708\" \/>\n\t<meta property=\"og:image:type\" content=\"image\/jpeg\" \/>\n<meta name=\"twitter:card\" content=\"summary_large_image\" \/>\n<meta name=\"twitter:label1\" content=\"Dur\u00e9e de lecture estim\u00e9e\" \/>\n\t<meta name=\"twitter:data1\" content=\"2 minutes\" \/>\n<script type=\"application\/ld+json\" class=\"yoast-schema-graph\">{\"@context\":\"https:\\\/\\\/schema.org\",\"@graph\":[{\"@type\":\"WebPage\",\"@id\":\"https:\\\/\\\/www.glofruser.com\\\/fr\\\/politique-relative-aux-cookies\\\/\",\"url\":\"https:\\\/\\\/www.glofruser.com\\\/fr\\\/politique-relative-aux-cookies\\\/\",\"name\":\"Politique relative aux cookies - GLOFRUSER\",\"isPartOf\":{\"@id\":\"https:\\\/\\\/www.glofruser.com\\\/fr\\\/#website\"},\"datePublished\":\"2025-08-20T07:09:29+00:00\",\"dateModified\":\"2025-09-05T08:43:12+00:00\",\"breadcrumb\":{\"@id\":\"https:\\\/\\\/www.glofruser.com\\\/fr\\\/politique-relative-aux-cookies\\\/#breadcrumb\"},\"inLanguage\":\"fr-FR\",\"potentialAction\":[{\"@type\":\"ReadAction\",\"target\":[\"https:\\\/\\\/www.glofruser.com\\\/fr\\\/politique-relative-aux-cookies\\\/\"]}]},{\"@type\":\"BreadcrumbList\",\"@id\":\"https:\\\/\\\/www.glofruser.com\\\/fr\\\/politique-relative-aux-cookies\\\/#breadcrumb\",\"itemListElement\":[{\"@type\":\"ListItem\",\"position\":1,\"name\":\"Portada\",\"item\":\"https:\\\/\\\/www.glofruser.com\\\/fr\\\/\"},{\"@type\":\"ListItem\",\"position\":2,\"name\":\"Politique relative aux cookies\"}]},{\"@type\":\"WebSite\",\"@id\":\"https:\\\/\\\/www.glofruser.com\\\/fr\\\/#website\",\"url\":\"https:\\\/\\\/www.glofruser.com\\\/fr\\\/\",\"name\":\"GLOFRUSER\",\"description\":\"Soluciones log&iacute;sticas y operativas para el sector agroalimentario\",\"publisher\":{\"@id\":\"https:\\\/\\\/www.glofruser.com\\\/fr\\\/#organization\"},\"potentialAction\":[{\"@type\":\"SearchAction\",\"target\":{\"@type\":\"EntryPoint\",\"urlTemplate\":\"https:\\\/\\\/www.glofruser.com\\\/fr\\\/?s={search_term_string}\"},\"query-input\":{\"@type\":\"PropertyValueSpecification\",\"valueRequired\":true,\"valueName\":\"search_term_string\"}}],\"inLanguage\":\"fr-FR\"},{\"@type\":\"Organization\",\"@id\":\"https:\\\/\\\/www.glofruser.com\\\/fr\\\/#organization\",\"name\":\"GLOFRUSER\",\"url\":\"https:\\\/\\\/www.glofruser.com\\\/fr\\\/\",\"logo\":{\"@type\":\"ImageObject\",\"inLanguage\":\"fr-FR\",\"@id\":\"https:\\\/\\\/www.glofruser.com\\\/fr\\\/#\\\/schema\\\/logo\\\/image\\\/\",\"url\":\"https:\\\/\\\/www.glofruser.com\\\/wp-content\\\/uploads\\\/2025\\\/08\\\/logo-glofruser-horizontal.png\",\"contentUrl\":\"https:\\\/\\\/www.glofruser.com\\\/wp-content\\\/uploads\\\/2025\\\/08\\\/logo-glofruser-horizontal.png\",\"width\":351,\"height\":90,\"caption\":\"GLOFRUSER\"},\"image\":{\"@id\":\"https:\\\/\\\/www.glofruser.com\\\/fr\\\/#\\\/schema\\\/logo\\\/image\\\/\"}}]}<\/script>\n<!-- \/ Yoast SEO plugin. -->","yoast_head_json":{"title":"Politique relative aux cookies - GLOFRUSER","robots":{"index":"noindex","follow":"nofollow"},"og_locale":"fr_FR","og_type":"article","og_title":"Politique relative aux cookies - GLOFRUSER","og_description":"Politique relative aux cookies &nbsp;Sur le site Web de GLOFRUSER, S.L., nous utilisons nos propres cookies et ceux de tiers pour am\u00e9liorer l'exp\u00e9rience utilisateur, personnaliser le contenu et analyser le trafic. Que sont les cookies ?Ce sont de petits fichiers qui sont install\u00e9s dans le navigateur de l'utilisateur lorsqu'il visite une page Web. Types de cookies utilis\u00e9s : Cookies techniques : n\u00e9cessaires au bon fonctionnement du site. Cookies de personnalisation : nous permettent de m\u00e9moriser les pr\u00e9f\u00e9rences des utilisateurs. Cookies d'analyse : utilis\u00e9s pour mesurer l'activit\u00e9 du site Web (par exemple, Google Analytics). Gestion des cookies :L\u2019utilisateur peut configurer son navigateur \u00e0 tout moment pour bloquer ou supprimer les cookies. Le blocage peut affecter certaines fonctionnalit\u00e9s du site Web. Consentement :En poursuivant votre navigation sur notre site web, vous acceptez l\u2019installation de cookies, comme d\u00e9crit dans la pr\u00e9sente politique.","og_url":"https:\/\/www.glofruser.com\/fr\/politique-relative-aux-cookies\/","og_site_name":"GLOFRUSER","article_modified_time":"2025-09-05T08:43:12+00:00","og_image":[{"width":2560,"height":1708,"url":"https:\/\/www.glofruser.com\/wp-content\/uploads\/2025\/08\/portada-quienes-somos-scaled.jpg","type":"image\/jpeg"}],"twitter_card":"summary_large_image","twitter_misc":{"Dur\u00e9e de lecture estim\u00e9e":"2 minutes"},"schema":{"@context":"https:\/\/schema.org","@graph":[{"@type":"WebPage","@id":"https:\/\/www.glofruser.com\/fr\/politique-relative-aux-cookies\/","url":"https:\/\/www.glofruser.com\/fr\/politique-relative-aux-cookies\/","name":"Politique relative aux cookies - GLOFRUSER","isPartOf":{"@id":"https:\/\/www.glofruser.com\/fr\/#website"},"datePublished":"2025-08-20T07:09:29+00:00","dateModified":"2025-09-05T08:43:12+00:00","breadcrumb":{"@id":"https:\/\/www.glofruser.com\/fr\/politique-relative-aux-cookies\/#breadcrumb"},"inLanguage":"fr-FR","potentialAction":[{"@type":"ReadAction","target":["https:\/\/www.glofruser.com\/fr\/politique-relative-aux-cookies\/"]}]},{"@type":"BreadcrumbList","@id":"https:\/\/www.glofruser.com\/fr\/politique-relative-aux-cookies\/#breadcrumb","itemListElement":[{"@type":"ListItem","position":1,"name":"Portada","item":"https:\/\/www.glofruser.com\/fr\/"},{"@type":"ListItem","position":2,"name":"Politique relative aux cookies"}]},{"@type":"WebSite","@id":"https:\/\/www.glofruser.com\/fr\/#website","url":"https:\/\/www.glofruser.com\/fr\/","name":"GLOFRUSER","description":"Soluciones log&iacute;sticas y operativas para el sector agroalimentario","publisher":{"@id":"https:\/\/www.glofruser.com\/fr\/#organization"},"potentialAction":[{"@type":"SearchAction","target":{"@type":"EntryPoint","urlTemplate":"https:\/\/www.glofruser.com\/fr\/?s={search_term_string}"},"query-input":{"@type":"PropertyValueSpecification","valueRequired":true,"valueName":"search_term_string"}}],"inLanguage":"fr-FR"},{"@type":"Organization","@id":"https:\/\/www.glofruser.com\/fr\/#organization","name":"GLOFRUSER","url":"https:\/\/www.glofruser.com\/fr\/","logo":{"@type":"ImageObject","inLanguage":"fr-FR","@id":"https:\/\/www.glofruser.com\/fr\/#\/schema\/logo\/image\/","url":"https:\/\/www.glofruser.com\/wp-content\/uploads\/2025\/08\/logo-glofruser-horizontal.png","contentUrl":"https:\/\/www.glofruser.com\/wp-content\/uploads\/2025\/08\/logo-glofruser-horizontal.png","width":351,"height":90,"caption":"GLOFRUSER"},"image":{"@id":"https:\/\/www.glofruser.com\/fr\/#\/schema\/logo\/image\/"}}]}},"_links":{"self":[{"href":"https:\/\/www.glofruser.com\/fr\/wp-json\/wp\/v2\/pages\/860","targetHints":{"allow":["GET"]}}],"collection":[{"href":"https:\/\/www.glofruser.com\/fr\/wp-json\/wp\/v2\/pages"}],"about":[{"href":"https:\/\/www.glofruser.com\/fr\/wp-json\/wp\/v2\/types\/page"}],"author":[{"embeddable":true,"href":"https:\/\/www.glofruser.com\/fr\/wp-json\/wp\/v2\/users\/1"}],"replies":[{"embeddable":true,"href":"https:\/\/www.glofruser.com\/fr\/wp-json\/wp\/v2\/comments?post=860"}],"version-history":[{"count":2,"href":"https:\/\/www.glofruser.com\/fr\/wp-json\/wp\/v2\/pages\/860\/revisions"}],"predecessor-version":[{"id":862,"href":"https:\/\/www.glofruser.com\/fr\/wp-json\/wp\/v2\/pages\/860\/revisions\/862"}],"wp:attachment":[{"href":"https:\/\/www.glofruser.com\/fr\/wp-json\/wp\/v2\/media?parent=860"}],"curies":[{"name":"wp","href":"https:\/\/api.w.org\/{rel}","templated":true}]}}