{"id":831,"date":"2025-09-02T10:43:10","date_gmt":"2025-09-02T08:43:10","guid":{"rendered":"https:\/\/www.glofruser.com\/services\/logistique-et-douanes\/"},"modified":"2025-09-05T10:23:20","modified_gmt":"2025-09-05T08:23:20","slug":"logistique-et-douanes","status":"publish","type":"page","link":"https:\/\/www.glofruser.com\/fr\/services\/logistique-et-douanes\/","title":{"rendered":"Logistique et douanes"},"content":{"rendered":"<p>[et_pb_section fb_built=\u00a0\u00bb1&Prime; admin_label=\u00a0\u00bbHeader\u00a0\u00bb _builder_version=\u00a0\u00bb4.27.4&Prime; _module_preset=\u00a0\u00bbdefault\u00a0\u00bb background_enable_image=\u00a0\u00bboff\u00a0\u00bb parallax=\u00a0\u00bbon\u00a0\u00bb hover_enabled=\u00a0\u00bb0&Prime; border_radii=\u00a0\u00bboff|||3vw|3vw\u00a0\u00bb locked=\u00a0\u00bboff\u00a0\u00bb collapsed=\u00a0\u00bboff\u00a0\u00bb global_colors_info=\u00a0\u00bb{%22gcid-a93f2103-1d8b-43bb-b21d-81d84bba8b15%22:%91%22background_color%22%93}\u00a0\u00bb background_enable_color=\u00a0\u00bboff\u00a0\u00bb title_text=\u00a0\u00bbLog\u00edstica y aduanas\u00a0\u00bb background_video_webm=\u00a0\u00bbhttps:\/\/www.glofruser.com\/wp-content\/uploads\/2025\/09\/aduanas-servicio.webm\u00a0\u00bb sticky_enabled=\u00a0\u00bb0&Prime;][et_pb_row _builder_version=\u00a0\u00bb4.24.0&Prime; _module_preset=\u00a0\u00bbdefault\u00a0\u00bb max_width=\u00a0\u00bb1800px\u00a0\u00bb global_colors_info=\u00a0\u00bb{}\u00a0\u00bb][et_pb_column type=\u00a0\u00bb4_4&Prime; _builder_version=\u00a0\u00bb4.22.0&Prime; _module_preset=\u00a0\u00bbdefault\u00a0\u00bb global_colors_info=\u00a0\u00bb{}\u00a0\u00bb][et_pb_text _builder_version=\u00a0\u00bb4.27.4&Prime; _module_preset=\u00a0\u00bb_initial\u00a0\u00bb header_font=\u00a0\u00bbPoppins|700|||||||\u00a0\u00bb header_font_size=\u00a0\u00bb62px\u00a0\u00bb header_line_height=\u00a0\u00bb1.1em\u00a0\u00bb max_width=\u00a0\u00bb1440px\u00a0\u00bb custom_margin=\u00a0\u00bb93px||10px||false|false\u00a0\u00bb hover_enabled=\u00a0\u00bb0&Prime; header_font_size_tablet=\u00a0\u00bb40px\u00a0\u00bb header_font_size_phone=\u00a0\u00bb32px\u00a0\u00bb header_font_size_last_edited=\u00a0\u00bbon|desktop\u00a0\u00bb global_colors_info=\u00a0\u00bb{}\u00a0\u00bb header_text_color=\u00a0\u00bb#FFFFFF\u00a0\u00bb header_text_shadow_style=\u00a0\u00bbpreset1&Prime; sticky_enabled=\u00a0\u00bb0&Prime;]<\/p>\n<h1><strong>Logistique et douanes<\/strong><\/h1>\n<p>&nbsp;<\/p>\n<p>[\/et_pb_text][et_pb_text _builder_version=\u00a0\u00bb4.27.4&Prime; _module_preset=\u00a0\u00bb_initial\u00a0\u00bb text_text_color=\u00a0\u00bbgcid-2490e176-5733-4f77-b033-d0b72133e372&Prime; header_4_font=\u00a0\u00bbPoppins|700|||||||\u00a0\u00bb header_4_font_size=\u00a0\u00bb24px\u00a0\u00bb header_4_line_height=\u00a0\u00bb1.4em\u00a0\u00bb max_width=\u00a0\u00bb1440px\u00a0\u00bb hover_enabled=\u00a0\u00bb0&Prime; header_4_font_size_tablet=\u00a0\u00bb16px\u00a0\u00bb header_4_font_size_phone=\u00a0\u00bb15px\u00a0\u00bb header_4_font_size_last_edited=\u00a0\u00bbon|desktop\u00a0\u00bb global_colors_info=\u00a0\u00bb{%22gcid-2490e176-5733-4f77-b033-d0b72133e372%22:%91%22text_text_color%22%93}\u00a0\u00bb header_4_text_color=\u00a0\u00bb#FFFFFF\u00a0\u00bb header_4_text_shadow_style=\u00a0\u00bbpreset1&Prime; sticky_enabled=\u00a0\u00bb0&Prime;]<\/p>\n<h4><span>Gestion douani\u00e8re agile pour un commerce sans fronti\u00e8res<\/span><\/h4>\n<p>[\/et_pb_text][et_pb_button button_url=\u00a0\u00bb#servicio\u00a0\u00bb button_text=\u00a0\u00bbEn savoir plus\u00a0\u00bb _builder_version=\u00a0\u00bb4.27.4&Prime; _module_preset=\u00a0\u00bb_initial\u00a0\u00bb custom_button=\u00a0\u00bbon\u00a0\u00bb button_text_size=\u00a0\u00bb14px\u00a0\u00bb button_text_color=\u00a0\u00bb#FFFFFF\u00a0\u00bb button_bg_color=\u00a0\u00bb#3a6351&Prime; button_border_width=\u00a0\u00bb0px\u00a0\u00bb button_border_radius=\u00a0\u00bb100px\u00a0\u00bb button_font=\u00a0\u00bbPoppins|700|||||||\u00a0\u00bb custom_padding=\u00a0\u00bb16px|32px|16px|32px|true|true\u00a0\u00bb hover_enabled=\u00a0\u00bb0&Prime; global_colors_info=\u00a0\u00bb{}\u00a0\u00bb box_shadow_style=\u00a0\u00bbpreset2&Prime; sticky_enabled=\u00a0\u00bb0&Prime;][\/et_pb_button][\/et_pb_column][\/et_pb_row][\/et_pb_section][et_pb_section fb_built=\u00a0\u00bb1&Prime; admin_label=\u00a0\u00bbCall to Action\u00a0\u00bb module_id=\u00a0\u00bbservicio\u00a0\u00bb _builder_version=\u00a0\u00bb4.27.4&Prime; _module_preset=\u00a0\u00bbdefault\u00a0\u00bb background_enable_pattern_style=\u00a0\u00bbon\u00a0\u00bb background_pattern_style=\u00a0\u00bbtufted\u00a0\u00bb background_pattern_color=\u00a0\u00bbrgba(58,99,81,0.1)\u00a0\u00bb locked=\u00a0\u00bboff\u00a0\u00bb collapsed=\u00a0\u00bbon\u00a0\u00bb global_colors_info=\u00a0\u00bb{}\u00a0\u00bb][et_pb_row column_structure=\u00a0\u00bb3_5,2_5&Prime; make_equal=\u00a0\u00bbon\u00a0\u00bb _builder_version=\u00a0\u00bb4.27.4&Prime; _module_preset=\u00a0\u00bbdefault\u00a0\u00bb max_width=\u00a0\u00bb1800px\u00a0\u00bb global_colors_info=\u00a0\u00bb{}\u00a0\u00bb][et_pb_column type=\u00a0\u00bb3_5&Prime; _builder_version=\u00a0\u00bb4.27.4&Prime; _module_preset=\u00a0\u00bbdefault\u00a0\u00bb custom_padding=\u00a0\u00bb||||false|false\u00a0\u00bb custom_padding_tablet=\u00a0\u00bb||0px||false|false\u00a0\u00bb custom_padding_phone=\u00a0\u00bb||0px||false|false\u00a0\u00bb custom_padding_last_edited=\u00a0\u00bbon|tablet\u00a0\u00bb global_colors_info=\u00a0\u00bb{}\u00a0\u00bb][et_pb_text _builder_version=\u00a0\u00bb4.27.4&Prime; _module_preset=\u00a0\u00bb_initial\u00a0\u00bb header_2_font=\u00a0\u00bbPoppins|700|||||||\u00a0\u00bb header_2_font_size=\u00a0\u00bb52px\u00a0\u00bb header_2_line_height=\u00a0\u00bb1.2em\u00a0\u00bb custom_margin=\u00a0\u00bb||10px||false|false\u00a0\u00bb header_2_font_size_tablet=\u00a0\u00bb32px\u00a0\u00bb header_2_font_size_phone=\u00a0\u00bb20px\u00a0\u00bb header_2_font_size_last_edited=\u00a0\u00bbon|desktop\u00a0\u00bb global_colors_info=\u00a0\u00bb{}\u00a0\u00bb]<\/p>\n<h2>Log\u00edstica internacional<\/h2>\n<p>[\/et_pb_text][et_pb_text _builder_version=\u00a0\u00bb4.27.4&Prime; _module_preset=\u00a0\u00bb_initial\u00a0\u00bb text_font=\u00a0\u00bbPoppins||||||||\u00a0\u00bb text_font_size=\u00a0\u00bb16px\u00a0\u00bb text_line_height=\u00a0\u00bb1.8em\u00a0\u00bb link_font=\u00a0\u00bb||||on||||\u00a0\u00bb text_font_size_tablet=\u00a0\u00bb15px\u00a0\u00bb text_font_size_phone=\u00a0\u00bb14px\u00a0\u00bb text_font_size_last_edited=\u00a0\u00bbon|desktop\u00a0\u00bb global_colors_info=\u00a0\u00bb{}\u00a0\u00bb]<\/p>\n<p>L\u2019internationalisation du secteur agroalimentaire n\u00e9cessite une gestion experte de la logistique portuaire et des processus douaniers.<\/p>\n<p>Chez GLOFRUSER, nous proposons un service complet qui couvre tout, de la planification de l&rsquo;exp\u00e9dition \u00e0 la livraison finale, y compris :<\/p>\n<ul>\n<li>Coordination des op\u00e9rations portuaires.<\/li>\n<li>Traitement des documents douaniers.<\/li>\n<li>Conformit\u00e9 aux r\u00e9glementations d&rsquo;importation et d&rsquo;exportation.<\/li>\n<li>Conseils sur les exigences sp\u00e9cifiques selon le pays de destination.<\/li>\n<\/ul>\n<p>Notre \u00e9quipe sp\u00e9cialis\u00e9e assure un traitement fluide et efficace, \u00e9vitant les retards et garantissant que chaque transaction est conforme aux r\u00e9glementations internationales en vigueur sur le march\u00e9.<\/p>\n<p>[\/et_pb_text][et_pb_button button_url=\u00a0\u00bb@ET-DC@eyJkeW5hbWljIjp0cnVlLCJjb250ZW50IjoicG9zdF9saW5rX3VybF9wYWdlIiwic2V0dGluZ3MiOnsicG9zdF9pZCI6IjE1IiwiZW5hYmxlX2h0bWwiOiJvZmYifX0=@\u00a0\u00bb button_text=\u00a0\u00bbRetour aux services\u00a0\u00bb _builder_version=\u00a0\u00bb4.27.4&Prime; _dynamic_attributes=\u00a0\u00bbbutton_url\u00a0\u00bb _module_preset=\u00a0\u00bb_initial\u00a0\u00bb custom_button=\u00a0\u00bbon\u00a0\u00bb button_text_size=\u00a0\u00bb14px\u00a0\u00bb button_text_color=\u00a0\u00bb#3a6351&Prime; button_bg_color=\u00a0\u00bbRGBA(255,255,255,0)\u00a0\u00bb button_border_color=\u00a0\u00bb#3a6351&Prime; button_border_radius=\u00a0\u00bb100px\u00a0\u00bb button_font=\u00a0\u00bbPoppins|700|||||||\u00a0\u00bb custom_padding=\u00a0\u00bb16px|32px|16px|32px|true|true\u00a0\u00bb locked=\u00a0\u00bboff\u00a0\u00bb global_colors_info=\u00a0\u00bb{}\u00a0\u00bb][\/et_pb_button][\/et_pb_column][et_pb_column type=\u00a0\u00bb2_5&Prime; _builder_version=\u00a0\u00bb4.22.0&Prime; _module_preset=\u00a0\u00bbdefault\u00a0\u00bb global_colors_info=\u00a0\u00bb{}\u00a0\u00bb][et_pb_image src=\u00a0\u00bbhttps:\/\/www.glofruser.com\/wp-content\/uploads\/2025\/08\/contenedores2.jpg\u00a0\u00bb alt=\u00a0\u00bbCamion frigorifique.\u00a0\u00bb title_text=\u00a0\u00bbConteneurs\u00a0\u00bb force_fullwidth=\u00a0\u00bbon\u00a0\u00bb _builder_version=\u00a0\u00bb4.27.4&Prime; _module_preset=\u00a0\u00bbdefault\u00a0\u00bb border_radii=\u00a0\u00bbon|30px|30px|30px|30px\u00a0\u00bb global_colors_info=\u00a0\u00bb{}\u00a0\u00bb][\/et_pb_image][\/et_pb_column][\/et_pb_row][\/et_pb_section]<\/p>\n","protected":false},"excerpt":{"rendered":"<p>Logistique et douanes &nbsp;Gestion douani\u00e8re agile pour un commerce sans fronti\u00e8resLog\u00edstica internacionalL\u2019internationalisation du secteur agroalimentaire n\u00e9cessite une gestion experte de la logistique portuaire et des processus douaniers. Chez GLOFRUSER, nous proposons un service complet qui couvre tout, de la planification de l&rsquo;exp\u00e9dition \u00e0 la livraison finale, y compris : Coordination des op\u00e9rations portuaires. Traitement des documents douaniers. Conformit\u00e9 aux r\u00e9glementations d&rsquo;importation et d&rsquo;exportation. Conseils sur les exigences sp\u00e9cifiques selon le pays de destination. Notre \u00e9quipe sp\u00e9cialis\u00e9e assure un traitement fluide et efficace, \u00e9vitant les retards et garantissant que chaque transaction est conforme aux r\u00e9glementations internationales en vigueur sur le march\u00e9.<\/p>\n","protected":false},"author":1,"featured_media":810,"parent":811,"menu_order":0,"comment_status":"closed","ping_status":"closed","template":"","meta":{"_et_pb_use_builder":"on","_et_pb_old_content":"","_et_gb_content_width":"","footnotes":""},"class_list":["post-831","page","type-page","status-publish","has-post-thumbnail","hentry"],"yoast_head":"<!-- This site is optimized with the Yoast SEO plugin v27.3 - https:\/\/yoast.com\/product\/yoast-seo-wordpress\/ -->\n<title>Gestion logistique et douani\u00e8re | GLOFRUSER<\/title>\n<meta name=\"description\" content=\"Traitement et gestion des douanes, ainsi que logistique portuaire pour les exportations de fruits. Conformit\u00e9 r\u00e9glementaire internationale.\" \/>\n<meta name=\"robots\" content=\"index, follow, max-snippet:-1, max-image-preview:large, max-video-preview:-1\" \/>\n<link rel=\"canonical\" href=\"https:\/\/www.glofruser.com\/fr\/services\/logistique-et-douanes\/\" \/>\n<meta property=\"og:locale\" content=\"fr_FR\" \/>\n<meta property=\"og:type\" content=\"article\" \/>\n<meta property=\"og:title\" content=\"Gestion logistique et douani\u00e8re | GLOFRUSER\" \/>\n<meta property=\"og:description\" content=\"Traitement et gestion des douanes, ainsi que logistique portuaire pour les exportations de fruits. Conformit\u00e9 r\u00e9glementaire internationale.\" \/>\n<meta property=\"og:url\" content=\"https:\/\/www.glofruser.com\/fr\/services\/logistique-et-douanes\/\" \/>\n<meta property=\"og:site_name\" content=\"GLOFRUSER\" \/>\n<meta property=\"article:modified_time\" content=\"2025-09-05T08:23:20+00:00\" \/>\n<meta property=\"og:image\" content=\"https:\/\/www.glofruser.com\/wp-content\/uploads\/2025\/08\/contenedores.jpg\" \/>\n\t<meta property=\"og:image:width\" content=\"1280\" \/>\n\t<meta property=\"og:image:height\" content=\"853\" \/>\n\t<meta property=\"og:image:type\" content=\"image\/jpeg\" \/>\n<meta name=\"twitter:card\" content=\"summary_large_image\" \/>\n<meta name=\"twitter:label1\" content=\"Dur\u00e9e de lecture estim\u00e9e\" \/>\n\t<meta name=\"twitter:data1\" content=\"4 minutes\" \/>\n<script type=\"application\/ld+json\" class=\"yoast-schema-graph\">{\"@context\":\"https:\\\/\\\/schema.org\",\"@graph\":[{\"@type\":\"WebPage\",\"@id\":\"https:\\\/\\\/www.glofruser.com\\\/fr\\\/services\\\/logistique-et-douanes\\\/\",\"url\":\"https:\\\/\\\/www.glofruser.com\\\/fr\\\/services\\\/logistique-et-douanes\\\/\",\"name\":\"Gestion logistique et douani\u00e8re | GLOFRUSER\",\"isPartOf\":{\"@id\":\"https:\\\/\\\/www.glofruser.com\\\/fr\\\/#website\"},\"primaryImageOfPage\":{\"@id\":\"https:\\\/\\\/www.glofruser.com\\\/fr\\\/services\\\/logistique-et-douanes\\\/#primaryimage\"},\"image\":{\"@id\":\"https:\\\/\\\/www.glofruser.com\\\/fr\\\/services\\\/logistique-et-douanes\\\/#primaryimage\"},\"thumbnailUrl\":\"https:\\\/\\\/www.glofruser.com\\\/wp-content\\\/uploads\\\/2025\\\/08\\\/contenedores.jpg\",\"datePublished\":\"2025-09-02T08:43:10+00:00\",\"dateModified\":\"2025-09-05T08:23:20+00:00\",\"description\":\"Traitement et gestion des douanes, ainsi que logistique portuaire pour les exportations de fruits. Conformit\u00e9 r\u00e9glementaire internationale.\",\"breadcrumb\":{\"@id\":\"https:\\\/\\\/www.glofruser.com\\\/fr\\\/services\\\/logistique-et-douanes\\\/#breadcrumb\"},\"inLanguage\":\"fr-FR\",\"potentialAction\":[{\"@type\":\"ReadAction\",\"target\":[\"https:\\\/\\\/www.glofruser.com\\\/fr\\\/services\\\/logistique-et-douanes\\\/\"]}]},{\"@type\":\"ImageObject\",\"inLanguage\":\"fr-FR\",\"@id\":\"https:\\\/\\\/www.glofruser.com\\\/fr\\\/services\\\/logistique-et-douanes\\\/#primaryimage\",\"url\":\"https:\\\/\\\/www.glofruser.com\\\/wp-content\\\/uploads\\\/2025\\\/08\\\/contenedores.jpg\",\"contentUrl\":\"https:\\\/\\\/www.glofruser.com\\\/wp-content\\\/uploads\\\/2025\\\/08\\\/contenedores.jpg\",\"width\":1280,\"height\":853},{\"@type\":\"BreadcrumbList\",\"@id\":\"https:\\\/\\\/www.glofruser.com\\\/fr\\\/services\\\/logistique-et-douanes\\\/#breadcrumb\",\"itemListElement\":[{\"@type\":\"ListItem\",\"position\":1,\"name\":\"Portada\",\"item\":\"https:\\\/\\\/www.glofruser.com\\\/fr\\\/\"},{\"@type\":\"ListItem\",\"position\":2,\"name\":\"Services\",\"item\":\"https:\\\/\\\/www.glofruser.com\\\/fr\\\/services\\\/\"},{\"@type\":\"ListItem\",\"position\":3,\"name\":\"Logistique et douanes\"}]},{\"@type\":\"WebSite\",\"@id\":\"https:\\\/\\\/www.glofruser.com\\\/fr\\\/#website\",\"url\":\"https:\\\/\\\/www.glofruser.com\\\/fr\\\/\",\"name\":\"GLOFRUSER\",\"description\":\"Soluciones log&iacute;sticas y operativas para el sector agroalimentario\",\"publisher\":{\"@id\":\"https:\\\/\\\/www.glofruser.com\\\/fr\\\/#organization\"},\"potentialAction\":[{\"@type\":\"SearchAction\",\"target\":{\"@type\":\"EntryPoint\",\"urlTemplate\":\"https:\\\/\\\/www.glofruser.com\\\/fr\\\/?s={search_term_string}\"},\"query-input\":{\"@type\":\"PropertyValueSpecification\",\"valueRequired\":true,\"valueName\":\"search_term_string\"}}],\"inLanguage\":\"fr-FR\"},{\"@type\":\"Organization\",\"@id\":\"https:\\\/\\\/www.glofruser.com\\\/fr\\\/#organization\",\"name\":\"GLOFRUSER\",\"url\":\"https:\\\/\\\/www.glofruser.com\\\/fr\\\/\",\"logo\":{\"@type\":\"ImageObject\",\"inLanguage\":\"fr-FR\",\"@id\":\"https:\\\/\\\/www.glofruser.com\\\/fr\\\/#\\\/schema\\\/logo\\\/image\\\/\",\"url\":\"https:\\\/\\\/www.glofruser.com\\\/wp-content\\\/uploads\\\/2025\\\/08\\\/logo-glofruser-horizontal.png\",\"contentUrl\":\"https:\\\/\\\/www.glofruser.com\\\/wp-content\\\/uploads\\\/2025\\\/08\\\/logo-glofruser-horizontal.png\",\"width\":351,\"height\":90,\"caption\":\"GLOFRUSER\"},\"image\":{\"@id\":\"https:\\\/\\\/www.glofruser.com\\\/fr\\\/#\\\/schema\\\/logo\\\/image\\\/\"}}]}<\/script>\n<!-- \/ Yoast SEO plugin. -->","yoast_head_json":{"title":"Gestion logistique et douani\u00e8re | GLOFRUSER","description":"Traitement et gestion des douanes, ainsi que logistique portuaire pour les exportations de fruits. Conformit\u00e9 r\u00e9glementaire internationale.","robots":{"index":"index","follow":"follow","max-snippet":"max-snippet:-1","max-image-preview":"max-image-preview:large","max-video-preview":"max-video-preview:-1"},"canonical":"https:\/\/www.glofruser.com\/fr\/services\/logistique-et-douanes\/","og_locale":"fr_FR","og_type":"article","og_title":"Gestion logistique et douani\u00e8re | GLOFRUSER","og_description":"Traitement et gestion des douanes, ainsi que logistique portuaire pour les exportations de fruits. Conformit\u00e9 r\u00e9glementaire internationale.","og_url":"https:\/\/www.glofruser.com\/fr\/services\/logistique-et-douanes\/","og_site_name":"GLOFRUSER","article_modified_time":"2025-09-05T08:23:20+00:00","og_image":[{"width":1280,"height":853,"url":"https:\/\/www.glofruser.com\/wp-content\/uploads\/2025\/08\/contenedores.jpg","type":"image\/jpeg"}],"twitter_card":"summary_large_image","twitter_misc":{"Dur\u00e9e de lecture estim\u00e9e":"4 minutes"},"schema":{"@context":"https:\/\/schema.org","@graph":[{"@type":"WebPage","@id":"https:\/\/www.glofruser.com\/fr\/services\/logistique-et-douanes\/","url":"https:\/\/www.glofruser.com\/fr\/services\/logistique-et-douanes\/","name":"Gestion logistique et douani\u00e8re | GLOFRUSER","isPartOf":{"@id":"https:\/\/www.glofruser.com\/fr\/#website"},"primaryImageOfPage":{"@id":"https:\/\/www.glofruser.com\/fr\/services\/logistique-et-douanes\/#primaryimage"},"image":{"@id":"https:\/\/www.glofruser.com\/fr\/services\/logistique-et-douanes\/#primaryimage"},"thumbnailUrl":"https:\/\/www.glofruser.com\/wp-content\/uploads\/2025\/08\/contenedores.jpg","datePublished":"2025-09-02T08:43:10+00:00","dateModified":"2025-09-05T08:23:20+00:00","description":"Traitement et gestion des douanes, ainsi que logistique portuaire pour les exportations de fruits. Conformit\u00e9 r\u00e9glementaire internationale.","breadcrumb":{"@id":"https:\/\/www.glofruser.com\/fr\/services\/logistique-et-douanes\/#breadcrumb"},"inLanguage":"fr-FR","potentialAction":[{"@type":"ReadAction","target":["https:\/\/www.glofruser.com\/fr\/services\/logistique-et-douanes\/"]}]},{"@type":"ImageObject","inLanguage":"fr-FR","@id":"https:\/\/www.glofruser.com\/fr\/services\/logistique-et-douanes\/#primaryimage","url":"https:\/\/www.glofruser.com\/wp-content\/uploads\/2025\/08\/contenedores.jpg","contentUrl":"https:\/\/www.glofruser.com\/wp-content\/uploads\/2025\/08\/contenedores.jpg","width":1280,"height":853},{"@type":"BreadcrumbList","@id":"https:\/\/www.glofruser.com\/fr\/services\/logistique-et-douanes\/#breadcrumb","itemListElement":[{"@type":"ListItem","position":1,"name":"Portada","item":"https:\/\/www.glofruser.com\/fr\/"},{"@type":"ListItem","position":2,"name":"Services","item":"https:\/\/www.glofruser.com\/fr\/services\/"},{"@type":"ListItem","position":3,"name":"Logistique et douanes"}]},{"@type":"WebSite","@id":"https:\/\/www.glofruser.com\/fr\/#website","url":"https:\/\/www.glofruser.com\/fr\/","name":"GLOFRUSER","description":"Soluciones log&iacute;sticas y operativas para el sector agroalimentario","publisher":{"@id":"https:\/\/www.glofruser.com\/fr\/#organization"},"potentialAction":[{"@type":"SearchAction","target":{"@type":"EntryPoint","urlTemplate":"https:\/\/www.glofruser.com\/fr\/?s={search_term_string}"},"query-input":{"@type":"PropertyValueSpecification","valueRequired":true,"valueName":"search_term_string"}}],"inLanguage":"fr-FR"},{"@type":"Organization","@id":"https:\/\/www.glofruser.com\/fr\/#organization","name":"GLOFRUSER","url":"https:\/\/www.glofruser.com\/fr\/","logo":{"@type":"ImageObject","inLanguage":"fr-FR","@id":"https:\/\/www.glofruser.com\/fr\/#\/schema\/logo\/image\/","url":"https:\/\/www.glofruser.com\/wp-content\/uploads\/2025\/08\/logo-glofruser-horizontal.png","contentUrl":"https:\/\/www.glofruser.com\/wp-content\/uploads\/2025\/08\/logo-glofruser-horizontal.png","width":351,"height":90,"caption":"GLOFRUSER"},"image":{"@id":"https:\/\/www.glofruser.com\/fr\/#\/schema\/logo\/image\/"}}]}},"_links":{"self":[{"href":"https:\/\/www.glofruser.com\/fr\/wp-json\/wp\/v2\/pages\/831","targetHints":{"allow":["GET"]}}],"collection":[{"href":"https:\/\/www.glofruser.com\/fr\/wp-json\/wp\/v2\/pages"}],"about":[{"href":"https:\/\/www.glofruser.com\/fr\/wp-json\/wp\/v2\/types\/page"}],"author":[{"embeddable":true,"href":"https:\/\/www.glofruser.com\/fr\/wp-json\/wp\/v2\/users\/1"}],"replies":[{"embeddable":true,"href":"https:\/\/www.glofruser.com\/fr\/wp-json\/wp\/v2\/comments?post=831"}],"version-history":[{"count":2,"href":"https:\/\/www.glofruser.com\/fr\/wp-json\/wp\/v2\/pages\/831\/revisions"}],"predecessor-version":[{"id":833,"href":"https:\/\/www.glofruser.com\/fr\/wp-json\/wp\/v2\/pages\/831\/revisions\/833"}],"up":[{"embeddable":true,"href":"https:\/\/www.glofruser.com\/fr\/wp-json\/wp\/v2\/pages\/811"}],"wp:featuredmedia":[{"embeddable":true,"href":"https:\/\/www.glofruser.com\/fr\/wp-json\/wp\/v2\/media\/810"}],"wp:attachment":[{"href":"https:\/\/www.glofruser.com\/fr\/wp-json\/wp\/v2\/media?parent=831"}],"curies":[{"name":"wp","href":"https:\/\/api.w.org\/{rel}","templated":true}]}}